{"id":87,"date":"2022-09-06T15:42:35","date_gmt":"2022-09-06T13:42:35","guid":{"rendered":"http:\/\/quiberon-aventure.com\/?page_id=87"},"modified":"2025-07-14T19:25:18","modified_gmt":"2025-07-14T17:25:18","slug":"infos-tarifs","status":"publish","type":"page","link":"http:\/\/quiberon-aventure.com\/index.php\/infos-tarifs\/","title":{"rendered":"Infos\/Tarifs"},"content":{"rendered":"\t\t<div data-elementor-type=\"wp-page\" data-elementor-id=\"87\" class=\"elementor elementor-87\">\n\t\t\t\t\t\t<section class=\"elementor-section elementor-top-section elementor-element elementor-element-79107f1f elementor-section-boxed elementor-section-height-default elementor-section-height-default\" data-id=\"79107f1f\" data-element_type=\"section\" data-e-type=\"section\">\n\t\t\t\t\t\t<div class=\"elementor-container elementor-column-gap-default\">\n\t\t\t\t\t<div class=\"elementor-column elementor-col-100 elementor-top-column elementor-element elementor-element-7e1ab593\" data-id=\"7e1ab593\" data-element_type=\"column\" data-e-type=\"column\">\n\t\t\t<div class=\"elementor-widget-wrap elementor-element-populated\">\n\t\t\t\t\t\t<div class=\"elementor-element elementor-element-461bf124 elementor-widget elementor-widget-text-editor\" data-id=\"461bf124\" data-element_type=\"widget\" data-e-type=\"widget\" data-widget_type=\"text-editor.default\">\n\t\t\t\t<div class=\"elementor-widget-container\">\n\t\t\t\t\t\t\t\t\t<p><strong><mark style=\"background-color: rgba(0, 0, 0, 0);\"><span style=\"vertical-align: inherit;\"><span style=\"vertical-align: inherit;\"><span style=\"vertical-align: inherit;\"><span style=\"vertical-align: inherit;\"><span style=\"vertical-align: inherit;\"><span style=\"vertical-align: inherit;\"><span style=\"vertical-align: inherit;\"><span style=\"vertical-align: inherit;\"><span style=\"vertical-align: inherit;\"><span style=\"vertical-align: inherit;\"><span style=\"vertical-align: inherit;\"><span style=\"vertical-align: inherit;\"><span style=\"vertical-align: inherit;\"><span style=\"vertical-align: inherit;\">INFOS<\/span><\/span><\/span><\/span><\/span><\/span><\/span><\/span><\/span><\/span><\/span><\/span><\/span><\/span><\/mark><\/strong><\/p>\n<p><!-- \/wp:paragraph --><!-- wp:paragraph {\"align\":\"left\"} --><\/p>\n<p><strong><span style=\"vertical-align: inherit;\"><span style=\"vertical-align: inherit;\"><span style=\"vertical-align: inherit;\"><span style=\"vertical-align: inherit;\"><span style=\"vertical-align: inherit;\"><span style=\"vertical-align: inherit;\"><span style=\"vertical-align: inherit;\"><span style=\"vertical-align: inherit;\"><span style=\"vertical-align: inherit;\"><span style=\"vertical-align: inherit;\"><span style=\"vertical-align: inherit;\"><span style=\"vertical-align: inherit;\"><span style=\"vertical-align: inherit;\"><span style=\"vertical-align: inherit;\">8 Parcours dans les arbres pour toute la famille face \u00e0 la mer<\/span><\/span><\/span><\/span><\/span><\/span><\/span><\/span><\/span><\/span><\/span><\/span><\/span><\/span><\/strong><\/p>\n<p style=\"font-style: normal; font-weight: normal;\"><span style=\"color: #7a7a7a;\"><span style=\"font-family: Arial, sans-serif;\"><span style=\"font-size: medium;\"><span style=\"vertical-align: inherit;\"><span style=\"vertical-align: inherit;\"><span style=\"vertical-align: inherit;\"><span style=\"vertical-align: inherit;\"><span style=\"vertical-align: inherit;\"><span style=\"vertical-align: inherit;\">\u00c0\u00a0 <\/span><\/span><\/span><\/span><\/span><\/span><b><span style=\"vertical-align: inherit;\"><span style=\"vertical-align: inherit;\"><span style=\"vertical-align: inherit;\"><span style=\"vertical-align: inherit;\"><span style=\"vertical-align: inherit;\"><span style=\"vertical-align: inherit;\">partir de 13h45 en AVRIL MAI JUIN SEPTEMBRE OCTOBRE NOVEMBRE<\/span><\/span><\/span><\/span><\/span><\/span><\/b><\/span><\/span><\/span><\/p>\n<p style=\"margin-bottom: 0cm; border-width: initial; border-style: none; padding: 0cm; font-style: normal;\"><span style=\"color: #7a7a7a;\"><span style=\"font-family: Arial, sans-serif;\"><span style=\"font-size: medium;\"><b><span style=\"vertical-align: inherit;\"><span style=\"vertical-align: inherit;\"><span style=\"vertical-align: inherit;\"><span style=\"vertical-align: inherit;\"><span style=\"vertical-align: inherit;\"><span style=\"vertical-align: inherit;\">\u00c0 partir de 10h pendant les grandes vacances scolaires d&#8217;\u00e9t\u00e9<\/span><\/span><\/span><\/span><\/span><\/span><\/b><\/span><\/span><\/span><\/p>\n<p style=\"margin-bottom: 0cm; border-width: initial; border-style: none; padding: 0cm; font-style: normal;\"><span style=\"color: #7a7a7a;\"><span style=\"font-family: Arial, sans-serif;\"><span style=\"font-size: medium;\"><b><span style=\"vertical-align: inherit;\"><span style=\"vertical-align: inherit;\"><span style=\"vertical-align: inherit;\"><span style=\"vertical-align: inherit;\"><span style=\"vertical-align: inherit;\"><span style=\"vertical-align: inherit;\">Ferm\u00e9 le samedi matin et le dimanche matin<\/span><\/span><\/span><\/span><\/span><\/span><\/b><\/span><\/span><\/span><\/p>\n<p>\u00a0<\/p>\n<p style=\"margin-bottom: 0cm; border-width: initial; border-style: none; padding: 0cm; font-style: normal; font-weight: normal;\"><span style=\"color: #7a7a7a;\"><span style=\"font-family: Arial, sans-serif;\"><span style=\"font-size: medium;\"><span style=\"vertical-align: inherit;\"><span style=\"vertical-align: inherit;\"><span style=\"vertical-align: inherit;\"><span style=\"vertical-align: inherit;\"><span style=\"vertical-align: inherit;\"><span style=\"vertical-align: inherit;\">\u00c0 partir de 4 ans avec un adulte, d\u00e8s 6 ans en autonomie<\/span><\/span><\/span><\/span><\/span><\/span><\/span><\/span><\/span><\/p>\n<p style=\"margin-bottom: 0cm;\"><span style=\"text-indent: 0em; text-align: inherit;\"><span style=\"vertical-align: inherit;\"><span style=\"vertical-align: inherit;\"><span style=\"vertical-align: inherit;\"><span style=\"vertical-align: inherit;\"><span style=\"vertical-align: inherit;\"><span style=\"vertical-align: inherit;\">Adulte pr\u00e9sent sur le site pour les moins de 14 ans<\/span><\/span><\/span><\/span><\/span><\/span><\/span><\/p>\n<p align=\"LEFT\"><a href=\"http:\/\/quiberon-aventure.com\/wp-content\/uploads\/2025\/07\/DECHARGE-MINEURS.pdf\" target=\"_blank\" rel=\"noopener\"><span style=\"font-family: Calibri, sans-serif;\"><span style=\"font-size: medium;\"><b><span style=\"vertical-align: inherit;\"><span style=\"vertical-align: inherit;\">D\u00e9charge \u00e0 signer pour les mineurs de plus de 14 ans pour rester seuls sur le parc<\/span><\/span><\/b><\/span><\/span><\/a><\/p>\n<p><!-- \/wp:paragraph --><!-- wp:paragraph {\"align\":\"left\"} --><\/p>\n<p><span style=\"vertical-align: inherit;\"><span style=\"vertical-align: inherit;\"><span style=\"vertical-align: inherit;\"><span style=\"vertical-align: inherit;\"><span style=\"vertical-align: inherit;\"><span style=\"vertical-align: inherit;\"><span style=\"vertical-align: inherit;\"><span style=\"vertical-align: inherit;\"><span style=\"vertical-align: inherit;\"><span style=\"vertical-align: inherit;\"><span style=\"vertical-align: inherit;\"><span style=\"vertical-align: inherit;\"><span style=\"vertical-align: inherit;\"><span style=\"vertical-align: inherit;\">Tarifs pour 2 heures d&#8217;activit\u00e9<\/span><\/span><\/span><\/span><\/span><\/span><\/span><\/span><\/span><\/span><\/span><\/span><\/span><\/span><\/p>\n<p><!-- \/wp:paragraph --><!-- wp:paragraph {\"align\":\"left\"} --><\/p>\n<p><span style=\"vertical-align: inherit;\"><span style=\"vertical-align: inherit;\"><span style=\"vertical-align: inherit;\"><span style=\"vertical-align: inherit;\"><span style=\"vertical-align: inherit;\"><span style=\"vertical-align: inherit;\"><span style=\"vertical-align: inherit;\"><span style=\"vertical-align: inherit;\"><span style=\"vertical-align: inherit;\"><span style=\"vertical-align: inherit;\"><span style=\"vertical-align: inherit;\"><span style=\"vertical-align: inherit;\"><span style=\"vertical-align: inherit;\"><span style=\"vertical-align: inherit;\">Pr\u00e9voir tenue adapt\u00e9e ( Chaussures ferm\u00e9es)<\/span><\/span><\/span><\/span><\/span><\/span><\/span><\/span><\/span><\/span><\/span><\/span><\/span><\/span><\/p>\n<p><!-- \/wp:paragraph --><!-- wp:paragraph --><\/p>\n<p><strong><span style=\"vertical-align: inherit;\"><span style=\"vertical-align: inherit;\"><span style=\"vertical-align: inherit;\"><span style=\"vertical-align: inherit;\"><span style=\"vertical-align: inherit;\"><span style=\"vertical-align: inherit;\"><span style=\"vertical-align: inherit;\"><span style=\"vertical-align: inherit;\"><span style=\"vertical-align: inherit;\"><span style=\"vertical-align: inherit;\"><span style=\"vertical-align: inherit;\"><span style=\"vertical-align: inherit;\"><span style=\"vertical-align: inherit;\"><span style=\"vertical-align: inherit;\">Le personnel encadrant est titulaire du CQP OPAH<\/span><\/span><\/span><\/span><\/span><\/span><\/span><\/span><\/span><\/span><\/span><\/span><\/span><\/span><\/strong><\/p>\n<p><!-- \/wp:paragraph --><!-- wp:spacer {\"height\":\"30px\"} --><\/p>\n<div style=\"height: 30px;\" aria-hidden=\"true\"><a href=\"http:\/\/quiberon-aventure.com\/wp-content\/uploads\/2025\/07\/REGLEMENT-INTERIEUR.pdf\" target=\"_blank\" rel=\"noopener\">R\u00e8glement int\u00e9rieur du Parc , T\u00e9l\u00e9chargeable ici<\/a><\/div>\n<div aria-hidden=\"true\">\u00a0<\/div>\n<p><!-- \/wp:spacer --><!-- wp:paragraph --><\/p>\n<p><strong><mark style=\"background-color: rgba(0, 0, 0, 0);\"><span style=\"vertical-align: inherit;\"><span style=\"vertical-align: inherit;\"><span style=\"vertical-align: inherit;\"><span style=\"vertical-align: inherit;\"><span style=\"vertical-align: inherit;\"><span style=\"vertical-align: inherit;\"><span style=\"vertical-align: inherit;\"><span style=\"vertical-align: inherit;\"><span style=\"vertical-align: inherit;\"><span style=\"vertical-align: inherit;\"><span style=\"vertical-align: inherit;\"><span style=\"vertical-align: inherit;\"><span style=\"vertical-align: inherit;\"><span style=\"vertical-align: inherit;\">TARIFS<\/span><\/span><\/span><\/span><\/span><\/span><\/span><\/span><\/span><\/span><\/span><\/span><\/span><\/span><\/mark><\/strong><\/p>\n<p><!-- \/wp:paragraph --><!-- wp:paragraph {\"align\":\"left\"} --><\/p>\n<p><strong><span style=\"vertical-align: inherit;\"><span style=\"vertical-align: inherit;\"><span style=\"vertical-align: inherit;\"><span style=\"vertical-align: inherit;\"><span style=\"vertical-align: inherit;\"><span style=\"vertical-align: inherit;\"><span style=\"vertical-align: inherit;\"><span style=\"vertical-align: inherit;\"><span style=\"vertical-align: inherit;\"><span style=\"vertical-align: inherit;\"><span style=\"vertical-align: inherit;\"><span style=\"vertical-align: inherit;\"><span style=\"vertical-align: inherit;\"><span style=\"vertical-align: inherit;\">Enfants 4\/5 ans : 12\u20ac + 10\u20ac pour son bin\u00f4me<\/span><\/span><\/span><\/span><\/span><\/span><\/span><\/span><\/span><\/span><\/span><\/span><\/span><\/span><\/strong><\/p>\n<p><!-- \/wp:paragraph --><!-- wp:paragraph {\"align\":\"left\"} --><\/p>\n<p><strong><span style=\"vertical-align: inherit;\"><span style=\"vertical-align: inherit;\"><span style=\"vertical-align: inherit;\"><span style=\"vertical-align: inherit;\"><span style=\"vertical-align: inherit;\"><span style=\"vertical-align: inherit;\"><span style=\"vertical-align: inherit;\"><span style=\"vertical-align: inherit;\"><span style=\"vertical-align: inherit;\"><span style=\"vertical-align: inherit;\"><span style=\"vertical-align: inherit;\"><span style=\"vertical-align: inherit;\"><span style=\"vertical-align: inherit;\"><span style=\"vertical-align: inherit;\">Juniors 6\/11 ans : 17\u20ac<\/span><\/span><\/span><\/span><\/span><\/span><\/span><\/span><\/span><\/span><\/span><\/span><\/span><\/span><\/strong><\/p>\n<p><!-- \/wp:paragraph --><!-- wp:paragraph {\"align\":\"left\"} --><\/p>\n<p><strong><span style=\"vertical-align: inherit;\"><span style=\"vertical-align: inherit;\"><span style=\"vertical-align: inherit;\"><span style=\"vertical-align: inherit;\"><span style=\"vertical-align: inherit;\"><span style=\"vertical-align: inherit;\"><span style=\"vertical-align: inherit;\"><span style=\"vertical-align: inherit;\"><span style=\"vertical-align: inherit;\"><span style=\"vertical-align: inherit;\"><span style=\"vertical-align: inherit;\"><span style=\"vertical-align: inherit;\"><span style=\"vertical-align: inherit;\"><span style=\"vertical-align: inherit;\">Ados &gt;12 ans \/Adultes : 19\u20ac<\/span><\/span><\/span><\/span><\/span><\/span><\/span><\/span><\/span><\/span><\/span><\/span><\/span><\/span><\/strong><\/p>\n<p><!-- \/wp:paragraph --><!-- wp:paragraph {\"align\":\"left\"} --><\/p>\n<p><strong><span style=\"vertical-align: inherit;\"><span style=\"vertical-align: inherit;\"><span style=\"vertical-align: inherit;\"><span style=\"vertical-align: inherit;\"><span style=\"vertical-align: inherit;\"><span style=\"vertical-align: inherit;\"><span style=\"vertical-align: inherit;\"><span style=\"vertical-align: inherit;\"><span style=\"vertical-align: inherit;\"><span style=\"vertical-align: inherit;\"><span style=\"vertical-align: inherit;\"><span style=\"vertical-align: inherit;\"><span style=\"vertical-align: inherit;\"><span style=\"vertical-align: inherit;\">R\u00e8glements possibles : CB, Ch\u00e8ques Vacances, Esp\u00e8ces<\/span><\/span><\/span><\/span><\/span><\/span><\/span><\/span><\/span><\/span><\/span><\/span><\/span><\/span><\/strong><\/p>\n<p><!-- \/wp:paragraph --><!-- wp:spacer {\"height\":\"10px\"} --><\/p>\n<div style=\"height: 10px;\" aria-hidden=\"true\">\u00a0<\/div>\n<p><!-- \/wp:spacer --><!-- wp:group --><\/p>\n<div>\n<p><!-- wp:metaslider\/slider {\"slideshowId\":200} --><\/p>\n<div><span style=\"vertical-align: inherit;\"><span style=\"vertical-align: inherit;\"><span style=\"vertical-align: inherit;\"><span style=\"vertical-align: inherit;\"><span style=\"vertical-align: inherit;\"><span style=\"vertical-align: inherit;\"><span style=\"vertical-align: inherit;\"><span style=\"vertical-align: inherit;\"><span style=\"vertical-align: inherit;\"><span style=\"vertical-align: inherit;\"><span style=\"vertical-align: inherit;\"><span style=\"vertical-align: inherit;\"><span style=\"vertical-align: inherit;\"><span style=\"vertical-align: inherit;\"><div id=\"metaslider-id-200\" style=\"width: 100%;\" class=\"ml-slider-3-94-0 metaslider metaslider-nivo metaslider-200 ml-slider ms-theme-default\" role=\"region\" aria-roledescription=\"Slideshow\" aria-label=\"New Slideshow\">\n    <div id=\"metaslider_container_200\">\n        <div class='slider-wrapper theme-default'><div class='ribbon'><\/div><div id='metaslider_200' class='nivoSlider'><img fetchpriority=\"high\" decoding=\"async\" width=\"1331\" height=\"874\" src=\"http:\/\/quiberon-aventure.com\/wp-content\/uploads\/2022\/09\/QuiberonAventure_slide1.png\" class=\"slider-200 slide-250\" alt=\"\" data-caption=\"\" data-thumb=\"\" title=\"QuiberonAventure_slide1\" rel=\"\" srcset=\"http:\/\/quiberon-aventure.com\/wp-content\/uploads\/2022\/09\/QuiberonAventure_slide1.png 1331w, http:\/\/quiberon-aventure.com\/wp-content\/uploads\/2022\/09\/QuiberonAventure_slide1-300x197.png 300w, http:\/\/quiberon-aventure.com\/wp-content\/uploads\/2022\/09\/QuiberonAventure_slide1-1024x672.png 1024w, http:\/\/quiberon-aventure.com\/wp-content\/uploads\/2022\/09\/QuiberonAventure_slide1-768x504.png 768w, http:\/\/quiberon-aventure.com\/wp-content\/uploads\/2022\/09\/QuiberonAventure_slide1-457x300.png 457w\" sizes=\"(max-width: 1331px) 100vw, 1331px\" \/><img decoding=\"async\" width=\"1332\" height=\"876\" src=\"http:\/\/quiberon-aventure.com\/wp-content\/uploads\/2022\/09\/QuiberonAventure_slide7.png\" class=\"slider-200 slide-244\" alt=\"\" data-caption=\"\" data-thumb=\"\" title=\"QuiberonAventure_slide7\" rel=\"\" srcset=\"http:\/\/quiberon-aventure.com\/wp-content\/uploads\/2022\/09\/QuiberonAventure_slide7.png 1332w, http:\/\/quiberon-aventure.com\/wp-content\/uploads\/2022\/09\/QuiberonAventure_slide7-300x197.png 300w, http:\/\/quiberon-aventure.com\/wp-content\/uploads\/2022\/09\/QuiberonAventure_slide7-1024x673.png 1024w, http:\/\/quiberon-aventure.com\/wp-content\/uploads\/2022\/09\/QuiberonAventure_slide7-768x505.png 768w, http:\/\/quiberon-aventure.com\/wp-content\/uploads\/2022\/09\/QuiberonAventure_slide7-456x300.png 456w\" sizes=\"(max-width: 1332px) 100vw, 1332px\" \/><img decoding=\"async\" width=\"1330\" height=\"875\" src=\"http:\/\/quiberon-aventure.com\/wp-content\/uploads\/2022\/09\/QuiberonAventure_slide6.png\" class=\"slider-200 slide-245\" alt=\"\" data-caption=\"\" data-thumb=\"\" title=\"QuiberonAventure_slide6\" rel=\"\" srcset=\"http:\/\/quiberon-aventure.com\/wp-content\/uploads\/2022\/09\/QuiberonAventure_slide6.png 1330w, http:\/\/quiberon-aventure.com\/wp-content\/uploads\/2022\/09\/QuiberonAventure_slide6-300x197.png 300w, http:\/\/quiberon-aventure.com\/wp-content\/uploads\/2022\/09\/QuiberonAventure_slide6-1024x674.png 1024w, http:\/\/quiberon-aventure.com\/wp-content\/uploads\/2022\/09\/QuiberonAventure_slide6-768x505.png 768w, http:\/\/quiberon-aventure.com\/wp-content\/uploads\/2022\/09\/QuiberonAventure_slide6-456x300.png 456w\" sizes=\"(max-width: 1330px) 100vw, 1330px\" \/><img loading=\"lazy\" decoding=\"async\" width=\"1334\" height=\"874\" src=\"http:\/\/quiberon-aventure.com\/wp-content\/uploads\/2022\/09\/QuiberonAventure_slide5.png\" class=\"slider-200 slide-246\" alt=\"\" data-caption=\"\" data-thumb=\"\" title=\"QuiberonAventure_slide5\" rel=\"\" srcset=\"http:\/\/quiberon-aventure.com\/wp-content\/uploads\/2022\/09\/QuiberonAventure_slide5.png 1334w, http:\/\/quiberon-aventure.com\/wp-content\/uploads\/2022\/09\/QuiberonAventure_slide5-300x197.png 300w, http:\/\/quiberon-aventure.com\/wp-content\/uploads\/2022\/09\/QuiberonAventure_slide5-1024x671.png 1024w, http:\/\/quiberon-aventure.com\/wp-content\/uploads\/2022\/09\/QuiberonAventure_slide5-768x503.png 768w, http:\/\/quiberon-aventure.com\/wp-content\/uploads\/2022\/09\/QuiberonAventure_slide5-458x300.png 458w\" sizes=\"(max-width: 1334px) 100vw, 1334px\" \/><img loading=\"lazy\" decoding=\"async\" width=\"1332\" height=\"874\" src=\"http:\/\/quiberon-aventure.com\/wp-content\/uploads\/2022\/09\/QuiberonAventure_slide3.png\" class=\"slider-200 slide-248\" alt=\"\" data-caption=\"\" data-thumb=\"\" title=\"QuiberonAventure_slide3\" rel=\"\" srcset=\"http:\/\/quiberon-aventure.com\/wp-content\/uploads\/2022\/09\/QuiberonAventure_slide3.png 1332w, http:\/\/quiberon-aventure.com\/wp-content\/uploads\/2022\/09\/QuiberonAventure_slide3-300x197.png 300w, http:\/\/quiberon-aventure.com\/wp-content\/uploads\/2022\/09\/QuiberonAventure_slide3-1024x672.png 1024w, http:\/\/quiberon-aventure.com\/wp-content\/uploads\/2022\/09\/QuiberonAventure_slide3-768x504.png 768w, http:\/\/quiberon-aventure.com\/wp-content\/uploads\/2022\/09\/QuiberonAventure_slide3-457x300.png 457w\" sizes=\"(max-width: 1332px) 100vw, 1332px\" \/><img loading=\"lazy\" decoding=\"async\" width=\"1333\" height=\"877\" src=\"http:\/\/quiberon-aventure.com\/wp-content\/uploads\/2022\/09\/QuiberonAventure_slide2.png\" class=\"slider-200 slide-249\" alt=\"\" data-caption=\"\" data-thumb=\"\" title=\"QuiberonAventure_slide2\" rel=\"\" srcset=\"http:\/\/quiberon-aventure.com\/wp-content\/uploads\/2022\/09\/QuiberonAventure_slide2.png 1333w, http:\/\/quiberon-aventure.com\/wp-content\/uploads\/2022\/09\/QuiberonAventure_slide2-300x197.png 300w, http:\/\/quiberon-aventure.com\/wp-content\/uploads\/2022\/09\/QuiberonAventure_slide2-1024x674.png 1024w, http:\/\/quiberon-aventure.com\/wp-content\/uploads\/2022\/09\/QuiberonAventure_slide2-768x505.png 768w, http:\/\/quiberon-aventure.com\/wp-content\/uploads\/2022\/09\/QuiberonAventure_slide2-456x300.png 456w\" sizes=\"(max-width: 1333px) 100vw, 1333px\" \/><img loading=\"lazy\" decoding=\"async\" width=\"1135\" height=\"885\" src=\"http:\/\/quiberon-aventure.com\/wp-content\/uploads\/2022\/09\/QuiberonAventure_slide4-1.png\" class=\"slider-200 slide-252\" alt=\"\" data-caption=\"\" data-thumb=\"\" title=\"QuiberonAventure_slide4\" rel=\"\" srcset=\"http:\/\/quiberon-aventure.com\/wp-content\/uploads\/2022\/09\/QuiberonAventure_slide4-1.png 1135w, http:\/\/quiberon-aventure.com\/wp-content\/uploads\/2022\/09\/QuiberonAventure_slide4-1-300x234.png 300w, http:\/\/quiberon-aventure.com\/wp-content\/uploads\/2022\/09\/QuiberonAventure_slide4-1-1024x798.png 1024w, http:\/\/quiberon-aventure.com\/wp-content\/uploads\/2022\/09\/QuiberonAventure_slide4-1-768x599.png 768w, http:\/\/quiberon-aventure.com\/wp-content\/uploads\/2022\/09\/QuiberonAventure_slide4-1-385x300.png 385w\" sizes=\"(max-width: 1135px) 100vw, 1135px\" \/><\/div><\/div>\n        \n    <\/div>\n<\/div>0<\/span><\/span><\/span><\/span><\/span><\/span><\/span><\/span><\/span><\/span><\/span><\/span><\/span><\/span><\/div>\n<p><!-- \/wp:metaslider\/slider --><\/p>\n<\/div>\n<p><!-- \/wp:group --><\/p>\t\t\t\t\t\t\t\t<\/div>\n\t\t\t\t<\/div>\n\t\t\t\t\t<\/div>\n\t\t<\/div>\n\t\t\t\t\t<\/div>\n\t\t<\/section>\n\t\t\t\t<\/div>\n\t\t","protected":false},"excerpt":{"rendered":"<p>INFOS 8 Parcours dans les arbres pour toute la famille face \u00e0 la mer \u00c0\u00a0 partir de 13h45 en AVRIL MAI JUIN SEPTEMBRE OCTOBRE NOVEMBRE &hellip;<\/p>\n","protected":false},"author":1,"featured_media":0,"parent":0,"menu_order":0,"comment_status":"closed","ping_status":"closed","template":"","meta":{"footnotes":""},"class_list":["post-87","page","type-page","status-publish","hentry"],"_links":{"self":[{"href":"http:\/\/quiberon-aventure.com\/index.php\/wp-json\/wp\/v2\/pages\/87","targetHints":{"allow":["GET"]}}],"collection":[{"href":"http:\/\/quiberon-aventure.com\/index.php\/wp-json\/wp\/v2\/pages"}],"about":[{"href":"http:\/\/quiberon-aventure.com\/index.php\/wp-json\/wp\/v2\/types\/page"}],"author":[{"embeddable":true,"href":"http:\/\/quiberon-aventure.com\/index.php\/wp-json\/wp\/v2\/users\/1"}],"replies":[{"embeddable":true,"href":"http:\/\/quiberon-aventure.com\/index.php\/wp-json\/wp\/v2\/comments?post=87"}],"version-history":[{"count":38,"href":"http:\/\/quiberon-aventure.com\/index.php\/wp-json\/wp\/v2\/pages\/87\/revisions"}],"predecessor-version":[{"id":332,"href":"http:\/\/quiberon-aventure.com\/index.php\/wp-json\/wp\/v2\/pages\/87\/revisions\/332"}],"wp:attachment":[{"href":"http:\/\/quiberon-aventure.com\/index.php\/wp-json\/wp\/v2\/media?parent=87"}],"curies":[{"name":"wp","href":"https:\/\/api.w.org\/{rel}","templated":true}]}}